{"id":4,"date":"2021-10-05T09:47:01","date_gmt":"2021-10-05T09:47:01","guid":{"rendered":"https:\/\/futureval.com\/?page_id=4"},"modified":"2021-10-05T13:25:01","modified_gmt":"2021-10-05T13:25:01","slug":"willkommen-auf-https-futureval-com","status":"publish","type":"page","link":"https:\/\/www.futureval.com\/","title":{"rendered":"Willkommen bei futureval"},"content":{"rendered":"\n<p class=\"has-text-align-left\">futureval ist ein 2013 gegr\u00fcndetes Beratungs- und Dienstleistungsunternehmen mit Unternehmenssitz in Berlin. Das Unternehmen wird vom Gesch\u00e4ftsf\u00fchrenden Gesellschafter, Herrn Michael Winter, vertreten.<\/p>\n\n\n\n<p class=\"has-text-align-left\">futureval erbringt Beratungs- und Unterst\u00fctzungsleistungen auf den Gebieten Strategie, Organisation, Prozesse und Personal f\u00fcr Unternehmen, \u00f6ffentliche Verwaltungen und Nichtregierungsorganisationen. <\/p>\n\n\n\n<p class=\"has-text-align-left\">Als Spin-Off aus einer der sogenannten Big-4 Wirtschaftspr\u00fcfungsgesellschaften und mit mehrj\u00e4hriger Beratungserfahrung in der Wirtschafts- und <strong>Strategieberatung<\/strong>, der <strong>Zukunftsforschung <\/strong>und der <strong>Markt- und Meinungsforschung<\/strong> und im Bereich <strong>Immobilienmanagement <\/strong>ist futureval zudem in besonderer Weise spezialisiert auf die\u00a0anwendungs- und umsetzungsorientierte Managementberatung, das Risikomanagement, die Unternehmensfinanzierung und Reorganisationen sowie allen Fragen rund um die Immobilie.<\/p>\n\n\n\n<p class=\"has-text-align-left\">futureval pflegt ein Netzwerk aus Fach- und F\u00fchrungskr\u00e4ften sowie Interessierten an wirtschafts- und regionalpolitischen Fragestellungen und arbeitet eng mit seinen Netzwerkpartnern auch europaweit zusammen. Je nach Projektinhalt kann futureval auf einen Pool an qualifizierten Fachkr\u00e4ften und Experten zur\u00fcckgreifen. <\/p>\n\n\n\n<p>Die leistungsstarke technische Ausstattung erm\u00f6glicht es auch komplexe und rechenintensive Aufgaben umzusetzen. futureval fokussiert auf innovative sowie nachhaltige L\u00f6sungen f\u00fcr die Zukunft.<\/p>\n\n\n\n<p><\/p>\n","protected":false},"excerpt":{"rendered":"<p>futureval ist ein 2013 gegr\u00fcndetes Beratungs- und Dienstleistungsunternehmen mit Unternehmenssitz in Berlin. Das Unternehmen wird vom Gesch\u00e4ftsf\u00fchrenden Gesellschafter, Herrn Michael Winter, vertreten. futureval erbringt Beratungs- und Unterst\u00fctzungsleistungen auf den Gebieten [&hellip;]<\/p>\n","protected":false},"author":1,"featured_media":0,"parent":0,"menu_order":0,"comment_status":"closed","ping_status":"open","template":"","meta":{"footnotes":""},"class_list":["post-4","page","type-page","status-publish","hentry"],"_links":{"self":[{"href":"https:\/\/www.futureval.com\/index.php?rest_route=\/wp\/v2\/pages\/4","targetHints":{"allow":["GET"]}}],"collection":[{"href":"https:\/\/www.futureval.com\/index.php?rest_route=\/wp\/v2\/pages"}],"about":[{"href":"https:\/\/www.futureval.com\/index.php?rest_route=\/wp\/v2\/types\/page"}],"author":[{"embeddable":true,"href":"https:\/\/www.futureval.com\/index.php?rest_route=\/wp\/v2\/users\/1"}],"replies":[{"embeddable":true,"href":"https:\/\/www.futureval.com\/index.php?rest_route=%2Fwp%2Fv2%2Fcomments&post=4"}],"version-history":[{"count":8,"href":"https:\/\/www.futureval.com\/index.php?rest_route=\/wp\/v2\/pages\/4\/revisions"}],"predecessor-version":[{"id":108,"href":"https:\/\/www.futureval.com\/index.php?rest_route=\/wp\/v2\/pages\/4\/revisions\/108"}],"wp:attachment":[{"href":"https:\/\/www.futureval.com\/index.php?rest_route=%2Fwp%2Fv2%2Fmedia&parent=4"}],"curies":[{"name":"wp","href":"https:\/\/api.w.org\/{rel}","templated":true}]}}