{"id":59,"date":"2021-10-05T12:35:03","date_gmt":"2021-10-05T12:35:03","guid":{"rendered":"https:\/\/futureval.com\/?page_id=59"},"modified":"2021-10-05T12:36:11","modified_gmt":"2021-10-05T12:36:11","slug":"unser-team","status":"publish","type":"page","link":"https:\/\/www.futureval.com\/?page_id=59","title":{"rendered":"Unser Team"},"content":{"rendered":"\n<p>Wir setzen unsere Teams stets individuell und auf die Bed\u00fcrfnisse unserer Kunden zugeschnitten zusammen. Dabei ist es uns m\u00f6glich auch kurzfristig auf einen Pool an qualifizierten Fachkr\u00e4ften und Experten zur\u00fcckgreifen.<\/p>\n\n\n\n<p>Unser Gesch\u00e4ftsf\u00fchrer Michael Winter erstellt Ihnen gerne ein aussagekr\u00e4ftiges Angebot f\u00fcr Ihre Anfrage.<\/p>\n\n\n\n<p><strong>Diplom-Geograph Michael Winter<\/strong><\/p>\n\n\n\n<div class=\"wp-block-columns is-layout-flex wp-container-core-columns-is-layout-9d6595d7 wp-block-columns-is-layout-flex\">\n<div class=\"wp-block-column is-layout-flow wp-block-column-is-layout-flow\" style=\"flex-basis:100%\">\n<div class=\"wp-block-group alignwide\"><div class=\"wp-block-group__inner-container is-layout-flow wp-block-group-is-layout-flow\">\n<div class=\"wp-block-cover has-background-dim-20 has-background-dim\" style=\"min-height:461px;aspect-ratio:unset;\"><img loading=\"lazy\" decoding=\"async\" width=\"1024\" height=\"663\" class=\"wp-block-cover__image-background wp-image-64\" alt=\"\" src=\"https:\/\/futureval.com\/wp-content\/uploads\/2021\/10\/Protraitfoto_quer-2-1024x663.jpg\" style=\"object-position:50% 20%\" data-object-fit=\"cover\" data-object-position=\"50% 20%\" srcset=\"https:\/\/www.futureval.com\/wp-content\/uploads\/2021\/10\/Protraitfoto_quer-2-1024x663.jpg 1024w, https:\/\/www.futureval.com\/wp-content\/uploads\/2021\/10\/Protraitfoto_quer-2-300x194.jpg 300w, https:\/\/www.futureval.com\/wp-content\/uploads\/2021\/10\/Protraitfoto_quer-2-768x497.jpg 768w, https:\/\/www.futureval.com\/wp-content\/uploads\/2021\/10\/Protraitfoto_quer-2-1536x995.jpg 1536w, https:\/\/www.futureval.com\/wp-content\/uploads\/2021\/10\/Protraitfoto_quer-2-2048x1326.jpg 2048w\" sizes=\"auto, (max-width: 1024px) 100vw, 1024px\" \/><div class=\"wp-block-cover__inner-container is-layout-flow wp-block-cover-is-layout-flow\">\n<p class=\"has-large-font-size\"><\/p>\n<\/div><\/div>\n<\/div><\/div>\n<\/div>\n<\/div>\n\n\n\n<p><strong>Beruflicher Werdegang<\/strong><\/p>\n\n\n\n<p>Im September 2013 Gr\u00fcndung und Spin-Off der futureval GmbH<\/p>\n\n\n\n<p>2011 bis 2013 Manager \/ Prokurist bei der Ernst&nbsp;&amp;&nbsp;Young GmbH Wirtschaftspr\u00fcfungsgesellschaft in Berlin und Aufbau der futureval GmbH<\/p>\n\n\n\n<p>2009 bis 2010 Entwicklung einer Internetplattform zur Unternehmens\u00adbewertung, Gr\u00fcnder und Gesellschafter der BewerteMeineFirma.de UG (haftungsbeschr\u00e4nkt)<\/p>\n\n\n\n<p>2005 bis 2011 T\u00e4tigkeit als Berater bei der Prognos AG in Berlin<\/p>\n\n\n\n<p>2003 bis 2005 Mitarbeiter Marktforschung bei TNS Infratest Consumer &amp; Retail GmbH in Frankfurt am Main<\/p>\n\n\n\n<p><\/p>\n\n\n\n<p id=\"floatClearer_32254389\"><strong>Akademische Ausbildung<\/strong><\/p>\n\n\n\n<p>seitdem diverse Weiterbildungen und Zertifikate, <br>u.a. Train-the-Trainer, Teamlead und F\u00fchrungstraining, Pr\u00e4sentations- und Moderationstechniken, PRINCE2-Projektmanagement, IHK-Zertifikat zur Wertermittlung von Immobilien u.v.m.<\/p>\n\n\n\n<p>2005 Diplom an der Philipps-Universit\u00e4t Marburg<\/p>\n\n\n\n<p>1998 bis 2005 Studium der Geographie an der Philipps-Universit\u00e4t Marburg, der Goethe-Universit\u00e4t Frankfurt am Main sowie der&nbsp;<em>Universitat de Barcelona<\/em><\/p>\n","protected":false},"excerpt":{"rendered":"<p>Wir setzen unsere Teams stets individuell und auf die Bed\u00fcrfnisse unserer Kunden zugeschnitten zusammen. Dabei ist es uns m\u00f6glich auch kurzfristig auf einen Pool an qualifizierten Fachkr\u00e4ften und Experten zur\u00fcckgreifen. [&hellip;]<\/p>\n","protected":false},"author":1,"featured_media":0,"parent":0,"menu_order":0,"comment_status":"closed","ping_status":"closed","template":"","meta":{"footnotes":""},"class_list":["post-59","page","type-page","status-publish","hentry"],"_links":{"self":[{"href":"https:\/\/www.futureval.com\/index.php?rest_route=\/wp\/v2\/pages\/59","targetHints":{"allow":["GET"]}}],"collection":[{"href":"https:\/\/www.futureval.com\/index.php?rest_route=\/wp\/v2\/pages"}],"about":[{"href":"https:\/\/www.futureval.com\/index.php?rest_route=\/wp\/v2\/types\/page"}],"author":[{"embeddable":true,"href":"https:\/\/www.futureval.com\/index.php?rest_route=\/wp\/v2\/users\/1"}],"replies":[{"embeddable":true,"href":"https:\/\/www.futureval.com\/index.php?rest_route=%2Fwp%2Fv2%2Fcomments&post=59"}],"version-history":[{"count":2,"href":"https:\/\/www.futureval.com\/index.php?rest_route=\/wp\/v2\/pages\/59\/revisions"}],"predecessor-version":[{"id":65,"href":"https:\/\/www.futureval.com\/index.php?rest_route=\/wp\/v2\/pages\/59\/revisions\/65"}],"wp:attachment":[{"href":"https:\/\/www.futureval.com\/index.php?rest_route=%2Fwp%2Fv2%2Fmedia&parent=59"}],"curies":[{"name":"wp","href":"https:\/\/api.w.org\/{rel}","templated":true}]}}