{"id":72,"date":"2021-10-05T12:37:03","date_gmt":"2021-10-05T12:37:03","guid":{"rendered":"https:\/\/futureval.com\/?page_id=72"},"modified":"2022-01-09T18:56:18","modified_gmt":"2022-01-09T18:56:18","slug":"referenzen","status":"publish","type":"page","link":"https:\/\/www.futureval.com\/?page_id=72","title":{"rendered":"Referenzen"},"content":{"rendered":"\n<p>Wir freuen uns unsere Kunden zufrieden zu stellen und sie zu ihren wichtigsten Fragen l\u00f6sungs- und zielorientiert zu beraten. Sicher werden wir auch Sie von der Qualit\u00e4t unserer professionellen Dienstleistungen \u00fcberzeugen k\u00f6nnen. F\u00fcr folgende \u00f6ffentlichen Kunden waren oder sind wir aktuell t\u00e4tig (alphabetisch).<\/p>\n\n\n\n<p>Bundesamt f\u00fcr Migration und Fl\u00fcchtlinge<\/p>\n\n\n\n<p>Campus Berlin-Buch GmbH<\/p>\n\n\n\n<p>Europ\u00e4ische Kommission &#8211; Generaldirektion Regionalpolitik und&nbsp;Stadtentwicklung<\/p>\n\n\n\n<p><a href=\"http:\/\/web.archive.org\/web\/20200810213933\/http:\/\/www.eurofound.europa.eu\/sites\/default\/files\/ef_publication\/field_ef_document\/ef1546en_3.pdf\">European Foundation for the Improvement of Living and Working Conditions<\/a>&nbsp;(Eurofound)<\/p>\n\n\n\n<p>Land Berlin &#8211; Senatsverwaltung f\u00fcr Wirtschaft, Energie und Betriebe<\/p>\n\n\n\n<p>Land Brandenburg &#8211; Ministerium f\u00fcr Wirtschaft, Arbeit und Energie, Ministerium der Finanzen und f\u00fcr Europa<\/p>\n\n\n\n<p>Land Niedersachsen &#8211; <a href=\"http:\/\/web.archive.org\/web\/20200810213933\/http:\/\/www.stk.niedersachsen.de\/download\/97204\/Endbericht.pdf\">Nieders\u00e4chsische Staatskanzlei<\/a>, <a href=\"http:\/\/web.archive.org\/web\/20200810213933\/http:\/\/www.landtag-niedersachsen.de\/drucksachen\/drucksachen_18_05000\/03001-03500\/18-03150.pdf\">Nieders\u00e4chsisches Ministerium f\u00fcr Inneres und Sport<\/a><\/p>\n\n\n\n<p>Land Schleswig-Holstein &#8211; <a rel=\"noreferrer noopener\" target=\"_blank\" href=\"http:\/\/web.archive.org\/web\/20200810213933\/https:\/\/www.schleswig-holstein.de\/DE\/Fachinhalte\/F\/foerderprogramme\/MWAVT\/Downloads\/ex_ante_evaluationNEU.pdf?__blob=publicationFile&amp;v=1\">Ministerium f\u00fcr Wirtschaft, Arbeit, Verkehr und Technologie<\/a><\/p>\n\n\n\n<p>WISTA Management GmbH<\/p>\n\n\n\n<p>sowie verschiedene kommunale Kunden, u.a. Stadt Eberswalde, Stadt Hohen Neuendorf, Gemeinde Glienicke(Nordbahn), Gemeinde Birkenwerder, Gemeinde M\u00fchlenbecker Land<\/p>\n\n\n\n<p>Weiterhin z\u00e4hlt futureval Nichtregierungsorganisationen (NGOs), Bildungstr\u00e4ger, Unternehmen aus den Bereichen Consulting, Immobilienwirtschaft, Wirtschaftsf\u00f6rderung und Sozialwirtschaft sowie aus den Bereichen Energiewirtschaft, Biotechnologie und der Informationstechnologie sowie Personenvereinigungen zu seinen Kunden.<\/p>\n\n\n\n<p><\/p>\n\n\n\n<p>Michael Winter als Gesch\u00e4ftsf\u00fchrer verf\u00fcgt \u00fcber mehr als 20 Jahre Beratungs- und Forschungserfahrung. Er hat in dieser Zeit in verschiedenen professionellen Zusammensetzungen eine Vielzahl an \u00f6ffentlichen und privaten Kunden beraten. Darunter u.a. (Auswahl in alphabetischer Reihenfolge):<\/p>\n\n\n\n<p>Bundesamt f\u00fcr Migration und Fl\u00fcchtlinge<br>Bundesministerium f\u00fcr Wirtschaft und Technologie<br>Europ\u00e4ische Kommission<br>Freie und Hansestadt Hamburg<br>Freistaat Sachsen<br>Freistaat Th\u00fcringen<br>Industrie- und Handelskammer Frankfurt am Main<br>Kanton Basel-Stadt<br>Land Baden-W\u00fcrttemberg<br>Land Berlin<br>Land Brandenburg<br>Land Hessen<br>Land Niedersachsen<br>Land Rheinland-Pfalz<br>Land Schleswig-Holstein<br>Leuphana Universit\u00e4t L\u00fcneburg<br>Universit\u00e4ts- und Hansestadt Greifswald<\/p>\n\n\n\n<p>sowie mehrere Energieversorgungsunternehmen, Unternehmen aus den Branchen Life Sciences \/ Gesundheitswirtschaft, IKT, Technologieunternehmen, Konsumg\u00fcter, Einzelhandel und der Immobilienwirtschaft.<\/p>\n\n\n\n<p>Eine Auswahl an ver\u00f6ffentlichten Studien und Gutachten k\u00f6nnen wir Ihnen gerne bei Bedarf zur Verf\u00fcgung stellen.<\/p>\n","protected":false},"excerpt":{"rendered":"<p>Wir freuen uns unsere Kunden zufrieden zu stellen und sie zu ihren wichtigsten Fragen l\u00f6sungs- und zielorientiert zu beraten. Sicher werden wir auch Sie von der Qualit\u00e4t unserer professionellen Dienstleistungen [&hellip;]<\/p>\n","protected":false},"author":1,"featured_media":0,"parent":0,"menu_order":0,"comment_status":"closed","ping_status":"closed","template":"","meta":{"footnotes":""},"class_list":["post-72","page","type-page","status-publish","hentry"],"_links":{"self":[{"href":"https:\/\/www.futureval.com\/index.php?rest_route=\/wp\/v2\/pages\/72","targetHints":{"allow":["GET"]}}],"collection":[{"href":"https:\/\/www.futureval.com\/index.php?rest_route=\/wp\/v2\/pages"}],"about":[{"href":"https:\/\/www.futureval.com\/index.php?rest_route=\/wp\/v2\/types\/page"}],"author":[{"embeddable":true,"href":"https:\/\/www.futureval.com\/index.php?rest_route=\/wp\/v2\/users\/1"}],"replies":[{"embeddable":true,"href":"https:\/\/www.futureval.com\/index.php?rest_route=%2Fwp%2Fv2%2Fcomments&post=72"}],"version-history":[{"count":5,"href":"https:\/\/www.futureval.com\/index.php?rest_route=\/wp\/v2\/pages\/72\/revisions"}],"predecessor-version":[{"id":113,"href":"https:\/\/www.futureval.com\/index.php?rest_route=\/wp\/v2\/pages\/72\/revisions\/113"}],"wp:attachment":[{"href":"https:\/\/www.futureval.com\/index.php?rest_route=%2Fwp%2Fv2%2Fmedia&parent=72"}],"curies":[{"name":"wp","href":"https:\/\/api.w.org\/{rel}","templated":true}]}}